{"id":609,"date":"2024-10-23T16:30:12","date_gmt":"2024-10-23T16:30:12","guid":{"rendered":"https:\/\/twogoworking.com\/?page_id=609"},"modified":"2026-01-29T20:39:17","modified_gmt":"2026-01-29T20:39:17","slug":"contactanos","status":"publish","type":"page","link":"https:\/\/twogoworking.com\/en\/contactanos\/","title":{"rendered":"Contact us"},"content":{"rendered":"<div data-elementor-type=\"wp-page\" data-elementor-id=\"609\" class=\"elementor elementor-609\" data-elementor-post-type=\"page\">\n\t\t\t\t<div class=\"elementor-element elementor-element-2732723 e-flex e-con-boxed e-con e-parent\" data-id=\"2732723\" data-element_type=\"container\" data-e-type=\"container\">\n\t\t\t\t\t<div class=\"e-con-inner\">\n\t\t<div class=\"elementor-element elementor-element-5e8afb0 e-con-full e-flex e-con e-child\" data-id=\"5e8afb0\" data-element_type=\"container\" data-e-type=\"container\">\n\t\t<div class=\"elementor-element elementor-element-b7258b9 e-con-full e-flex e-con e-child\" data-id=\"b7258b9\" data-element_type=\"container\" data-e-type=\"container\">\n\t\t\t\t<div class=\"elementor-element elementor-element-dfa13e6 elementor-widget elementor-widget-shortcode\" data-id=\"dfa13e6\" data-element_type=\"widget\" data-e-type=\"widget\" data-widget_type=\"shortcode.default\">\n\t\t\t\t<div class=\"elementor-widget-container\">\n\t\t\t\t\t\t\t<div class=\"elementor-shortcode\"><nav class=\"miga-de-pan\" aria-label=\"Breadcrumbs\"><a href=\"https:\/\/twogoworking.com\/en\">Start<\/a><\/nav><\/div>\n\t\t\t\t\t\t<\/div>\n\t\t\t\t<\/div>\n\t\t\t\t<\/div>\n\t\t\t\t<\/div>\n\t\t\t\t\t<\/div>\n\t\t\t\t<\/div>\n\t\t<div class=\"elementor-element elementor-element-2d237e3 e-flex e-con-boxed e-con e-parent\" data-id=\"2d237e3\" data-element_type=\"container\" data-e-type=\"container\" data-settings=\"{&quot;background_background&quot;:&quot;classic&quot;}\">\n\t\t\t\t\t<div class=\"e-con-inner\">\n\t\t<div class=\"elementor-element elementor-element-4ea459b e-con-full e-flex e-con e-child\" data-id=\"4ea459b\" data-element_type=\"container\" data-e-type=\"container\">\n\t\t<div class=\"elementor-element elementor-element-94623be e-con-full e-flex e-con e-child\" data-id=\"94623be\" data-element_type=\"container\" data-e-type=\"container\">\n\t\t\t\t<div class=\"elementor-element elementor-element-a6a0d6f elementor-widget elementor-widget-heading\" data-id=\"a6a0d6f\" data-element_type=\"widget\" data-e-type=\"widget\" data-widget_type=\"heading.default\">\n\t\t\t\t<div class=\"elementor-widget-container\">\n\t\t\t\t\t<h1 class=\"elementor-heading-title elementor-size-default\">Contact us<\/h1>\t\t\t\t<\/div>\n\t\t\t\t<\/div>\n\t\t\t\t<div class=\"elementor-element elementor-element-a61d8d2 elementor-widget elementor-widget-heading\" data-id=\"a61d8d2\" data-element_type=\"widget\" data-e-type=\"widget\" data-widget_type=\"heading.default\">\n\t\t\t\t<div class=\"elementor-widget-container\">\n\t\t\t\t\t<h3 class=\"elementor-heading-title elementor-size-default\">Contact us for personalized service<\/h3>\t\t\t\t<\/div>\n\t\t\t\t<\/div>\n\t\t\t\t<div class=\"elementor-element elementor-element-87f0230 elementor-widget elementor-widget-text-editor\" data-id=\"87f0230\" data-element_type=\"widget\" data-e-type=\"widget\" data-widget_type=\"text-editor.default\">\n\t\t\t\t<div class=\"elementor-widget-container\">\n\t\t\t\t\t\t\t\t\t<p>Contact us for friendly advice on our products and services.<\/p>\t\t\t\t\t\t\t\t<\/div>\n\t\t\t\t<\/div>\n\t\t\t\t<div class=\"elementor-element elementor-element-86bdc74 elementor-widget elementor-widget-heading\" data-id=\"86bdc74\" data-element_type=\"widget\" data-e-type=\"widget\" data-widget_type=\"heading.default\">\n\t\t\t\t<div class=\"elementor-widget-container\">\n\t\t\t\t\t<h3 class=\"elementor-heading-title elementor-size-default\">Get in touch<\/h3>\t\t\t\t<\/div>\n\t\t\t\t<\/div>\n\t\t\t\t<div class=\"elementor-element elementor-element-71c42ce elementor-icon-list--layout-inline elementor-list-item-link-full_width elementor-widget elementor-widget-icon-list\" data-id=\"71c42ce\" data-element_type=\"widget\" data-e-type=\"widget\" data-widget_type=\"icon-list.default\">\n\t\t\t\t<div class=\"elementor-widget-container\">\n\t\t\t\t\t\t\t<ul class=\"elementor-icon-list-items elementor-inline-items\">\n\t\t\t\t\t\t\t<li class=\"elementor-icon-list-item elementor-inline-item\">\n\t\t\t\t\t\t\t\t\t\t\t<a href=\"mailto:gerencia.77neo@gmail.com\" target=\"_blank\">\n\n\t\t\t\t\t\t\t\t\t\t\t<span class=\"elementor-icon-list-text\"><span style=\"font-weight:700\">\u2022<\/span> gerencia.77neo@gmail.com<\/span>\n\t\t\t\t\t\t\t\t\t\t\t<\/a>\n\t\t\t\t\t\t\t\t\t<\/li>\n\t\t\t\t\t\t\t\t<li class=\"elementor-icon-list-item elementor-inline-item\">\n\t\t\t\t\t\t\t\t\t\t\t<a href=\"https:\/\/api.whatsapp.com\/send\/?phone=573105600067&#038;text&#038;type=phone_number&#038;app_absent=0\" target=\"_blank\">\n\n\t\t\t\t\t\t\t\t\t\t\t<span class=\"elementor-icon-list-text\"><span style=\"font-weight:700\">\u2022<\/span> WhatsApp: +57 310-560-0067<\/span>\n\t\t\t\t\t\t\t\t\t\t\t<\/a>\n\t\t\t\t\t\t\t\t\t<\/li>\n\t\t\t\t\t\t\t\t<li class=\"elementor-icon-list-item elementor-inline-item\">\n\t\t\t\t\t\t\t\t\t\t\t<a href=\"https:\/\/api.whatsapp.com\/send\/?phone=573208485520&#038;text&#038;type=phone_number&#038;app_absent=0\" target=\"_blank\">\n\n\t\t\t\t\t\t\t\t\t\t\t<span class=\"elementor-icon-list-text\"><span style=\"font-weight:700\">\u2022<\/span> WhatsApp: +57 320-848-5520<\/span>\n\t\t\t\t\t\t\t\t\t\t\t<\/a>\n\t\t\t\t\t\t\t\t\t<\/li>\n\t\t\t\t\t\t<\/ul>\n\t\t\t\t\t\t<\/div>\n\t\t\t\t<\/div>\n\t\t\t\t<\/div>\n\t\t<div class=\"elementor-element elementor-element-13c9e7c e-con-full e-flex e-con e-child\" data-id=\"13c9e7c\" data-element_type=\"container\" data-e-type=\"container\">\n\t\t<div class=\"elementor-element elementor-element-b428b3a e-con-full e-flex e-con e-child\" data-id=\"b428b3a\" data-element_type=\"container\" data-e-type=\"container\">\n\t\t\t\t<div class=\"elementor-element elementor-element-752bc1a elementor-widget elementor-widget-image\" data-id=\"752bc1a\" data-element_type=\"widget\" data-e-type=\"widget\" data-widget_type=\"image.default\">\n\t\t\t\t<div class=\"elementor-widget-container\">\n\t\t\t\t\t\t\t\t\t\t\t\t\t\t\t<img fetchpriority=\"high\" decoding=\"async\" width=\"466\" height=\"379\" src=\"https:\/\/twogoworking.com\/wp-content\/uploads\/2024\/10\/formulario.webp\" class=\"attachment-large size-large wp-image-279\" alt=\"Formulario\" srcset=\"https:\/\/twogoworking.com\/wp-content\/uploads\/2024\/10\/formulario.webp 466w, https:\/\/twogoworking.com\/wp-content\/uploads\/2024\/10\/formulario-300x244.webp 300w\" sizes=\"(max-width: 466px) 100vw, 466px\" \/>\t\t\t\t\t\t\t\t\t\t\t\t\t\t\t<\/div>\n\t\t\t\t<\/div>\n\t\t\t\t<\/div>\n\t\t<div class=\"elementor-element elementor-element-ffc0c07 e-con-full e-flex e-con e-child\" data-id=\"ffc0c07\" data-element_type=\"container\" data-e-type=\"container\">\n\t\t\t\t<div class=\"elementor-element elementor-element-f6cfacf elementor-widget elementor-widget-form\" data-id=\"f6cfacf\" data-element_type=\"widget\" data-e-type=\"widget\" data-settings=\"{&quot;button_width&quot;:&quot;50&quot;,&quot;step_next_label&quot;:&quot;Siguiente&quot;,&quot;step_previous_label&quot;:&quot;Anterior&quot;,&quot;step_type&quot;:&quot;number_text&quot;,&quot;step_icon_shape&quot;:&quot;circle&quot;}\" data-widget_type=\"form.default\">\n\t\t\t\t<div class=\"elementor-widget-container\">\n\t\t\t\t\t\t\t<form class=\"elementor-form\" method=\"post\" name=\"Nuevo formulario\" aria-label=\"New form\" action=\"\">\n\t\t\t<input type=\"hidden\" name=\"post_id\" value=\"609\"\/>\n\t\t\t<input type=\"hidden\" name=\"form_id\" value=\"f6cfacf\"\/>\n\t\t\t<input type=\"hidden\" name=\"referer_title\" value=\"Cont\u00e1ctanos - Twogo working\" \/>\n\n\t\t\t\t\t\t\t<input type=\"hidden\" name=\"queried_id\" value=\"609\"\/>\n\t\t\t\n\t\t\t<div class=\"elementor-form-fields-wrapper elementor-labels-above\">\n\t\t\t\t\t\t\t\t<div class=\"elementor-field-type-text elementor-field-group elementor-column elementor-field-group-name elementor-col-100\">\n\t\t\t\t\t\t\t\t\t\t\t\t<label for=\"form-field-name\" class=\"elementor-field-label\">\n\t\t\t\t\t\t\t\tName\t\t\t\t\t\t\t<\/label>\n\t\t\t\t\t\t\t\t\t\t\t\t\t\t<input size=\"1\" type=\"text\" name=\"form_fields[name]\" id=\"form-field-name\" class=\"elementor-field elementor-size-sm  elementor-field-textual\">\n\t\t\t\t\t\t\t\t\t\t\t<\/div>\n\t\t\t\t\t\t\t\t<div class=\"elementor-field-type-email elementor-field-group elementor-column elementor-field-group-email elementor-col-100 elementor-field-required\">\n\t\t\t\t\t\t\t\t\t\t\t\t<label for=\"form-field-email\" class=\"elementor-field-label\">\n\t\t\t\t\t\t\t\tEmail\t\t\t\t\t\t\t<\/label>\n\t\t\t\t\t\t\t\t\t\t\t\t\t\t<input size=\"1\" type=\"email\" name=\"form_fields[email]\" id=\"form-field-email\" class=\"elementor-field elementor-size-sm  elementor-field-textual\" required=\"required\">\n\t\t\t\t\t\t\t\t\t\t\t<\/div>\n\t\t\t\t\t\t\t\t<div class=\"elementor-field-type-tel elementor-field-group elementor-column elementor-field-group-field_664da74 elementor-col-100\">\n\t\t\t\t\t\t\t\t\t\t\t\t<label for=\"form-field-field_664da74\" class=\"elementor-field-label\">\n\t\t\t\t\t\t\t\tPhone\t\t\t\t\t\t\t<\/label>\n\t\t\t\t\t\t\t\t<input size=\"1\" type=\"tel\" name=\"form_fields[field_664da74]\" id=\"form-field-field_664da74\" class=\"elementor-field elementor-size-sm  elementor-field-textual\" pattern=\"[0-9()#&amp;+*-=.]+\" title=\"Only phone numbers and characters (#,-,*,etc) are accepted.\">\n\n\t\t\t\t\t\t<\/div>\n\t\t\t\t\t\t\t\t<div class=\"elementor-field-type-textarea elementor-field-group elementor-column elementor-field-group-message elementor-col-100\">\n\t\t\t\t\t\t\t\t\t\t\t\t<label for=\"form-field-message\" class=\"elementor-field-label\">\n\t\t\t\t\t\t\t\tMessage\t\t\t\t\t\t\t<\/label>\n\t\t\t\t\t\t<textarea class=\"elementor-field-textual elementor-field  elementor-size-sm\" name=\"form_fields[message]\" id=\"form-field-message\" rows=\"4\"><\/textarea>\t\t\t\t<\/div>\n\t\t\t\t\t\t\t\t<div class=\"elementor-field-type-acceptance elementor-field-group elementor-column elementor-field-group-field_6b4d4ca elementor-col-100 elementor-field-required\">\n\t\t\t\t\t\t\t\t\t\t\t\t<label for=\"form-field-field_6b4d4ca\" class=\"elementor-field-label\">\n\t\t\t\t\t\t\t\tI have read and accept the data processing conditions \/\/ click here\t\t\t\t\t\t\t<\/label>\n\t\t\t\t\t\t\t\t<div class=\"elementor-field-subgroup\">\n\t\t\t<span class=\"elementor-field-option\">\n\t\t\t\t<input type=\"checkbox\" name=\"form_fields[field_6b4d4ca]\" id=\"form-field-field_6b4d4ca\" class=\"elementor-field elementor-size-sm  elementor-acceptance-field\" required=\"required\">\n\t\t\t\t\t\t\t<\/span>\n\t\t<\/div>\n\t\t\t\t\t\t<\/div>\n\t\t\t\t\t\t\t\t<div class=\"elementor-field-group elementor-column elementor-field-type-submit elementor-col-50 e-form__buttons\">\n\t\t\t\t\t<button class=\"elementor-button elementor-size-sm\" type=\"submit\">\n\t\t\t\t\t\t<span class=\"elementor-button-content-wrapper\">\n\t\t\t\t\t\t\t\t\t\t\t\t\t\t\t\t\t\t\t\t\t\t<span class=\"elementor-button-text\">Contact<\/span>\n\t\t\t\t\t\t\t\t\t\t\t\t\t<\/span>\n\t\t\t\t\t<\/button>\n\t\t\t\t<\/div>\n\t\t\t<\/div>\n\t\t<input type=\"hidden\" name=\"trp-form-language\" value=\"en\"\/><\/form>\n\t\t\t\t\t\t<\/div>\n\t\t\t\t<\/div>\n\t\t\t\t<\/div>\n\t\t\t\t<\/div>\n\t\t\t\t<\/div>\n\t\t\t\t\t<\/div>\n\t\t\t\t<\/div>\n\t\t\t\t<\/div>","protected":false},"excerpt":{"rendered":"<p>Cont\u00e1ctanos Cont\u00e1ctanos para un servicio personalizado Comun\u00edcate con nosotros para\u00a0 recibir una asesor\u00eda amable sobre nuestros productos y servicios. Ponerse en contacto \u2022 gerencia.77neo@gmail.com \u2022 WhatsApp: +57 310-560-0067 \u2022 WhatsApp: +57 320-848-5520<\/p>","protected":false},"author":1,"featured_media":0,"parent":0,"menu_order":0,"comment_status":"closed","ping_status":"closed","template":"elementor_header_footer","meta":{"_acf_changed":false,"footnotes":""},"class_list":["post-609","page","type-page","status-publish","hentry"],"acf":[],"yoast_head":"<!-- This site is optimized with the Yoast SEO plugin v26.9 - https:\/\/yoast.com\/product\/yoast-seo-wordpress\/ -->\n<title>Cont\u00e1ctanos - Twogo working<\/title>\n<meta name=\"robots\" content=\"index, follow, max-snippet:-1, max-image-preview:large, max-video-preview:-1\" \/>\n<link rel=\"canonical\" href=\"https:\/\/twogoworking.com\/en\/contactanos\/\" \/>\n<meta property=\"og:locale\" content=\"en_US\" \/>\n<meta property=\"og:type\" content=\"article\" \/>\n<meta property=\"og:title\" content=\"Cont\u00e1ctanos - Twogo working\" \/>\n<meta property=\"og:description\" content=\"Cont\u00e1ctanos Cont\u00e1ctanos para un servicio personalizado Comun\u00edcate con nosotros para\u00a0 recibir una asesor\u00eda amable sobre nuestros productos y servicios. Ponerse en contacto \u2022 gerencia.77neo@gmail.com \u2022 WhatsApp: +57 310-560-0067 \u2022 WhatsApp: +57 320-848-5520\" \/>\n<meta property=\"og:url\" content=\"https:\/\/twogoworking.com\/en\/contactanos\/\" \/>\n<meta property=\"og:site_name\" content=\"Twogo working\" \/>\n<meta property=\"article:modified_time\" content=\"2026-01-29T20:39:17+00:00\" \/>\n<meta property=\"og:image\" content=\"https:\/\/twogoworking.com\/wp-content\/uploads\/2024\/10\/formulario.webp\" \/>\n\t<meta property=\"og:image:width\" content=\"466\" \/>\n\t<meta property=\"og:image:height\" content=\"379\" \/>\n\t<meta property=\"og:image:type\" content=\"image\/webp\" \/>\n<meta name=\"twitter:card\" content=\"summary_large_image\" \/>\n<meta name=\"twitter:label1\" content=\"Est. reading time\" \/>\n\t<meta name=\"twitter:data1\" content=\"1 minute\" \/>\n<script type=\"application\/ld+json\" class=\"yoast-schema-graph\">{\"@context\":\"https:\/\/schema.org\",\"@graph\":[{\"@type\":\"WebPage\",\"@id\":\"https:\/\/twogoworking.com\/contactanos\/\",\"url\":\"https:\/\/twogoworking.com\/contactanos\/\",\"name\":\"Cont\u00e1ctanos - Twogo working\",\"isPartOf\":{\"@id\":\"https:\/\/twogoworking.com\/#website\"},\"primaryImageOfPage\":{\"@id\":\"https:\/\/twogoworking.com\/contactanos\/#primaryimage\"},\"image\":{\"@id\":\"https:\/\/twogoworking.com\/contactanos\/#primaryimage\"},\"thumbnailUrl\":\"https:\/\/twogoworking.com\/wp-content\/uploads\/2024\/10\/formulario.webp\",\"datePublished\":\"2024-10-23T16:30:12+00:00\",\"dateModified\":\"2026-01-29T20:39:17+00:00\",\"breadcrumb\":{\"@id\":\"https:\/\/twogoworking.com\/contactanos\/#breadcrumb\"},\"inLanguage\":\"en-US\",\"potentialAction\":[{\"@type\":\"ReadAction\",\"target\":[\"https:\/\/twogoworking.com\/contactanos\/\"]}]},{\"@type\":\"ImageObject\",\"inLanguage\":\"en-US\",\"@id\":\"https:\/\/twogoworking.com\/contactanos\/#primaryimage\",\"url\":\"https:\/\/twogoworking.com\/wp-content\/uploads\/2024\/10\/formulario.webp\",\"contentUrl\":\"https:\/\/twogoworking.com\/wp-content\/uploads\/2024\/10\/formulario.webp\"},{\"@type\":\"BreadcrumbList\",\"@id\":\"https:\/\/twogoworking.com\/contactanos\/#breadcrumb\",\"itemListElement\":[{\"@type\":\"ListItem\",\"position\":1,\"name\":\"Portada\",\"item\":\"https:\/\/twogoworking.com\/\"},{\"@type\":\"ListItem\",\"position\":2,\"name\":\"Cont\u00e1ctanos\"}]},{\"@type\":\"WebSite\",\"@id\":\"https:\/\/twogoworking.com\/#website\",\"url\":\"https:\/\/twogoworking.com\/\",\"name\":\"Twogo working\",\"description\":\"\",\"publisher\":{\"@id\":\"https:\/\/twogoworking.com\/#organization\"},\"potentialAction\":[{\"@type\":\"SearchAction\",\"target\":{\"@type\":\"EntryPoint\",\"urlTemplate\":\"https:\/\/twogoworking.com\/?s={search_term_string}\"},\"query-input\":{\"@type\":\"PropertyValueSpecification\",\"valueRequired\":true,\"valueName\":\"search_term_string\"}}],\"inLanguage\":\"en-US\"},{\"@type\":\"Organization\",\"@id\":\"https:\/\/twogoworking.com\/#organization\",\"name\":\"Twogo working\",\"url\":\"https:\/\/twogoworking.com\/\",\"logo\":{\"@type\":\"ImageObject\",\"inLanguage\":\"en-US\",\"@id\":\"https:\/\/twogoworking.com\/#\/schema\/logo\/image\/\",\"url\":\"https:\/\/twogoworking.com\/wp-content\/uploads\/2024\/10\/logo.webp\",\"contentUrl\":\"https:\/\/twogoworking.com\/wp-content\/uploads\/2024\/10\/logo.webp\",\"width\":122,\"height\":76,\"caption\":\"Twogo working\"},\"image\":{\"@id\":\"https:\/\/twogoworking.com\/#\/schema\/logo\/image\/\"}}]}<\/script>\n<!-- \/ Yoast SEO plugin. -->","yoast_head_json":{"title":"Cont\u00e1ctanos - Twogo working","robots":{"index":"index","follow":"follow","max-snippet":"max-snippet:-1","max-image-preview":"max-image-preview:large","max-video-preview":"max-video-preview:-1"},"canonical":"https:\/\/twogoworking.com\/en\/contactanos\/","og_locale":"en_US","og_type":"article","og_title":"Cont\u00e1ctanos - Twogo working","og_description":"Cont\u00e1ctanos Cont\u00e1ctanos para un servicio personalizado Comun\u00edcate con nosotros para\u00a0 recibir una asesor\u00eda amable sobre nuestros productos y servicios. Ponerse en contacto \u2022 gerencia.77neo@gmail.com \u2022 WhatsApp: +57 310-560-0067 \u2022 WhatsApp: +57 320-848-5520","og_url":"https:\/\/twogoworking.com\/en\/contactanos\/","og_site_name":"Twogo working","article_modified_time":"2026-01-29T20:39:17+00:00","og_image":[{"width":466,"height":379,"url":"https:\/\/twogoworking.com\/wp-content\/uploads\/2024\/10\/formulario.webp","type":"image\/webp"}],"twitter_card":"summary_large_image","twitter_misc":{"Est. reading time":"1 minute"},"schema":{"@context":"https:\/\/schema.org","@graph":[{"@type":"WebPage","@id":"https:\/\/twogoworking.com\/contactanos\/","url":"https:\/\/twogoworking.com\/contactanos\/","name":"Cont\u00e1ctanos - Twogo working","isPartOf":{"@id":"https:\/\/twogoworking.com\/#website"},"primaryImageOfPage":{"@id":"https:\/\/twogoworking.com\/contactanos\/#primaryimage"},"image":{"@id":"https:\/\/twogoworking.com\/contactanos\/#primaryimage"},"thumbnailUrl":"https:\/\/twogoworking.com\/wp-content\/uploads\/2024\/10\/formulario.webp","datePublished":"2024-10-23T16:30:12+00:00","dateModified":"2026-01-29T20:39:17+00:00","breadcrumb":{"@id":"https:\/\/twogoworking.com\/contactanos\/#breadcrumb"},"inLanguage":"en-US","potentialAction":[{"@type":"ReadAction","target":["https:\/\/twogoworking.com\/contactanos\/"]}]},{"@type":"ImageObject","inLanguage":"en-US","@id":"https:\/\/twogoworking.com\/contactanos\/#primaryimage","url":"https:\/\/twogoworking.com\/wp-content\/uploads\/2024\/10\/formulario.webp","contentUrl":"https:\/\/twogoworking.com\/wp-content\/uploads\/2024\/10\/formulario.webp"},{"@type":"BreadcrumbList","@id":"https:\/\/twogoworking.com\/contactanos\/#breadcrumb","itemListElement":[{"@type":"ListItem","position":1,"name":"Portada","item":"https:\/\/twogoworking.com\/"},{"@type":"ListItem","position":2,"name":"Cont\u00e1ctanos"}]},{"@type":"WebSite","@id":"https:\/\/twogoworking.com\/#website","url":"https:\/\/twogoworking.com\/","name":"Twogo working","description":"","publisher":{"@id":"https:\/\/twogoworking.com\/#organization"},"potentialAction":[{"@type":"SearchAction","target":{"@type":"EntryPoint","urlTemplate":"https:\/\/twogoworking.com\/?s={search_term_string}"},"query-input":{"@type":"PropertyValueSpecification","valueRequired":true,"valueName":"search_term_string"}}],"inLanguage":"en-US"},{"@type":"Organization","@id":"https:\/\/twogoworking.com\/#organization","name":"Twogo working","url":"https:\/\/twogoworking.com\/","logo":{"@type":"ImageObject","inLanguage":"en-US","@id":"https:\/\/twogoworking.com\/#\/schema\/logo\/image\/","url":"https:\/\/twogoworking.com\/wp-content\/uploads\/2024\/10\/logo.webp","contentUrl":"https:\/\/twogoworking.com\/wp-content\/uploads\/2024\/10\/logo.webp","width":122,"height":76,"caption":"Twogo working"},"image":{"@id":"https:\/\/twogoworking.com\/#\/schema\/logo\/image\/"}}]}},"_links":{"self":[{"href":"https:\/\/twogoworking.com\/en\/wp-json\/wp\/v2\/pages\/609","targetHints":{"allow":["GET"]}}],"collection":[{"href":"https:\/\/twogoworking.com\/en\/wp-json\/wp\/v2\/pages"}],"about":[{"href":"https:\/\/twogoworking.com\/en\/wp-json\/wp\/v2\/types\/page"}],"author":[{"embeddable":true,"href":"https:\/\/twogoworking.com\/en\/wp-json\/wp\/v2\/users\/1"}],"replies":[{"embeddable":true,"href":"https:\/\/twogoworking.com\/en\/wp-json\/wp\/v2\/comments?post=609"}],"version-history":[{"count":31,"href":"https:\/\/twogoworking.com\/en\/wp-json\/wp\/v2\/pages\/609\/revisions"}],"predecessor-version":[{"id":1109,"href":"https:\/\/twogoworking.com\/en\/wp-json\/wp\/v2\/pages\/609\/revisions\/1109"}],"wp:attachment":[{"href":"https:\/\/twogoworking.com\/en\/wp-json\/wp\/v2\/media?parent=609"}],"curies":[{"name":"wp","href":"https:\/\/api.w.org\/{rel}","templated":true}]}}